{"id":5019,"date":"2022-05-23T09:41:56","date_gmt":"2022-05-23T07:41:56","guid":{"rendered":"https:\/\/www.jibapps.com\/?page_id=5019"},"modified":"2022-05-23T09:41:56","modified_gmt":"2022-05-23T07:41:56","slug":"displays-free-licence","status":"publish","type":"page","link":"https:\/\/www.jibapps.com\/fr\/apps\/displays\/displays-free-licence\/","title":{"rendered":"Licence gratuite Displays"},"content":{"rendered":"<p>&nbsp;<\/p>\n<p><strong>J\u2019ai achet\u00e9 Displays sur le Mac App Store, comment obtenir une licence gratuite ?<\/strong><\/p>\n<p>Displays \u00e9tait pr\u00e9c\u00e9demment disponible sur le Mac App Store, mais pour des raisons techniques, il ne peut plus y \u00eatre propos\u00e9 sans casser la prise en charge des r\u00e9solutions Retina. A la place, nous vendons d\u00e9sormais des licences directement sur notre <a href=\"https:\/\/www.jibapps.com\/store\/\">webstore<\/a>. Toutes les personnes ayant achet\u00e9 Displays sur le Mac App Store sont \u00e9ligibles \u00e0 une licence gratuite.<\/p>\n<p>T\u00e9l\u00e9chargez notre <strong>Assistant de migration<\/strong> pour demander votre licence :<\/p>\n<p><a class=\"ghost bigger\" href=\"https:\/\/www.jibapps.com\/file.php?id=displays&#038;url=DisplaysMigrator.zip\">T\u00e9l\u00e9charger<\/a><\/p>\n<p>&nbsp;<br \/>\n&nbsp;<br \/>\n&nbsp;<br \/>\n&nbsp;<br \/>\n&nbsp;<br \/>\n&nbsp;<br \/>\n&nbsp;<br \/>\n&nbsp;<br \/>\n&nbsp;<br \/>\n&nbsp;<\/p>","protected":false},"excerpt":{"rendered":"<p>&nbsp; J\u2019ai achet\u00e9 Displays sur le Mac App Store, comment obtenir une licence gratuite ? Displays \u00e9tait pr\u00e9c\u00e9demment disponible sur le Mac App Store, mais pour des raisons techniques, il ne peut plus y \u00eatre propos\u00e9 sans casser la prise en charge des r\u00e9solutions Retina. A la place, nous vendons d\u00e9sormais des licences directement sur &hellip; <\/p>\n<p class=\"link-more\"><a href=\"https:\/\/www.jibapps.com\/fr\/apps\/displays\/displays-free-licence\/\" class=\"more-link\">Continuer la lecture<span class=\"screen-reader-text\"> de &laquo;&nbsp;Licence gratuite Displays&nbsp;&raquo;<\/span><\/a><\/p>\n","protected":false},"author":1,"featured_media":3367,"parent":67,"menu_order":0,"comment_status":"closed","ping_status":"closed","template":"page-full-width.php","meta":{"footnotes":""},"class_list":["post-5019","page","type-page","status-publish","has-post-thumbnail","hentry"],"_links":{"self":[{"href":"https:\/\/www.jibapps.com\/fr\/wp-json\/wp\/v2\/pages\/5019","targetHints":{"allow":["GET"]}}],"collection":[{"href":"https:\/\/www.jibapps.com\/fr\/wp-json\/wp\/v2\/pages"}],"about":[{"href":"https:\/\/www.jibapps.com\/fr\/wp-json\/wp\/v2\/types\/page"}],"author":[{"embeddable":true,"href":"https:\/\/www.jibapps.com\/fr\/wp-json\/wp\/v2\/users\/1"}],"replies":[{"embeddable":true,"href":"https:\/\/www.jibapps.com\/fr\/wp-json\/wp\/v2\/comments?post=5019"}],"version-history":[{"count":9,"href":"https:\/\/www.jibapps.com\/fr\/wp-json\/wp\/v2\/pages\/5019\/revisions"}],"predecessor-version":[{"id":5028,"href":"https:\/\/www.jibapps.com\/fr\/wp-json\/wp\/v2\/pages\/5019\/revisions\/5028"}],"up":[{"embeddable":true,"href":"https:\/\/www.jibapps.com\/fr\/wp-json\/wp\/v2\/pages\/67"}],"wp:featuredmedia":[{"embeddable":true,"href":"https:\/\/www.jibapps.com\/fr\/wp-json\/wp\/v2\/media\/3367"}],"wp:attachment":[{"href":"https:\/\/www.jibapps.com\/fr\/wp-json\/wp\/v2\/media?parent=5019"}],"curies":[{"name":"wp","href":"https:\/\/api.w.org\/{rel}","templated":true}]}}