{"id":4976,"date":"2022-01-11T09:21:25","date_gmt":"2022-01-11T08:21:25","guid":{"rendered":"https:\/\/www.jibapps.com\/?page_id=4976"},"modified":"2022-02-16T17:26:16","modified_gmt":"2022-02-16T16:26:16","slug":"purchase-from-the-mac-app-store","status":"publish","type":"page","link":"https:\/\/www.jibapps.com\/fr\/apps\/trashme3\/purchase-from-the-mac-app-store\/","title":{"rendered":"TrashMe 3 Achat depuis le Mac App Store"},"content":{"rendered":"<p>&nbsp;<br \/>\n<center><\/p>\n<h4>Vous venez d&rsquo;acheter TrashMe 3 sur le Mac App Store ?<\/h4>\n<p><\/center><\/p>\n<p>Contrairement \u00e0 la version vendue sur notre webstore, <strong>votre version de TrashMe 3 ne n\u00e9cessite aucune cl\u00e9 d&rsquo;activation<\/strong> pour fonctionner. Si vous aviez install\u00e9 la <strong>version d&rsquo;essai<\/strong> de TrashMe 3 au pr\u00e9alable, vous devez d&rsquo;abord supprimer cette version de votre Mac :<\/p>\n<ul class=\"fa-ul\">\n<li><i class=\"fa-li fa fa-angle-right\"><\/i>D\u00e9sactivez le mode intelligent dans les pr\u00e9f\u00e9rences de TrashMe 3<\/li>\n<li><i class=\"fa-li fa fa-angle-right\"><\/i>Glissez l&rsquo;app vers la Corbeille de macOS<\/li>\n<\/ul>\n<p>Vous pouvez ensuite t\u00e9l\u00e9charger la version ad\u00e9quate de TrashMe 3 depuis le Mac App Store :<\/p>\n<ul class=\"fa-ul\">\n<li><i class=\"fa-li fa fa-angle-right\"><\/i>soit en affichant la page produit de TrashMe 3 gr\u00e2ce \u00e0 une recherche<\/li>\n<li><i class=\"fa-li fa fa-angle-right\"><\/i>soit en cliquant sur votre nom en bas \u00e0 droite de la fen\u00eatre du Mac App Store<\/li>\n<\/ul>\n<p><img decoding=\"async\" src=\"https:\/\/www.jibapps.com\/wp-content\/uploads\/2022\/02\/macappstore_account.jpg\" alt=\"\" width=\"500\" class=\"alignnone size-full wp-image-4992\" srcset=\"https:\/\/www.jibapps.com\/wp-content\/uploads\/2022\/02\/macappstore_account.jpg 1000w, https:\/\/www.jibapps.com\/wp-content\/uploads\/2022\/02\/macappstore_account-300x201.jpg 300w, https:\/\/www.jibapps.com\/wp-content\/uploads\/2022\/02\/macappstore_account-768x514.jpg 768w\" sizes=\"(max-width: 706px) 89vw, (max-width: 767px) 82vw, 740px\" \/><br \/>\n&nbsp;<br \/>\nNote : quand vous avez achet\u00e9 une app depuis le Mac App Store, vous pouvez la t\u00e9l\u00e9charger de mani\u00e8re illimit\u00e9e sans payer \u00e0 chaque fois.<br \/>\n&nbsp;<br \/>\n&nbsp;<br \/>\n&nbsp;<br \/>\n&nbsp;<br \/>\n&nbsp;<br \/>\n&nbsp;<br \/>\n&nbsp;<br \/>\n&nbsp;<br \/>\n&nbsp;<br \/>\n&nbsp;<\/p>","protected":false},"excerpt":{"rendered":"<p>&nbsp; Vous venez d&rsquo;acheter TrashMe 3 sur le Mac App Store ? Contrairement \u00e0 la version vendue sur notre webstore, votre version de TrashMe 3 ne n\u00e9cessite aucune cl\u00e9 d&rsquo;activation pour fonctionner. Si vous aviez install\u00e9 la version d&rsquo;essai de TrashMe 3 au pr\u00e9alable, vous devez d&rsquo;abord supprimer cette version de votre Mac : D\u00e9sactivez &hellip; <\/p>\n<p class=\"link-more\"><a href=\"https:\/\/www.jibapps.com\/fr\/apps\/trashme3\/purchase-from-the-mac-app-store\/\" class=\"more-link\">Continuer la lecture<span class=\"screen-reader-text\"> de &laquo;&nbsp;TrashMe 3 Achat depuis le Mac App Store&nbsp;&raquo;<\/span><\/a><\/p>\n","protected":false},"author":1,"featured_media":3367,"parent":4036,"menu_order":0,"comment_status":"closed","ping_status":"closed","template":"page-full-width.php","meta":{"footnotes":""},"class_list":["post-4976","page","type-page","status-publish","has-post-thumbnail","hentry"],"_links":{"self":[{"href":"https:\/\/www.jibapps.com\/fr\/wp-json\/wp\/v2\/pages\/4976","targetHints":{"allow":["GET"]}}],"collection":[{"href":"https:\/\/www.jibapps.com\/fr\/wp-json\/wp\/v2\/pages"}],"about":[{"href":"https:\/\/www.jibapps.com\/fr\/wp-json\/wp\/v2\/types\/page"}],"author":[{"embeddable":true,"href":"https:\/\/www.jibapps.com\/fr\/wp-json\/wp\/v2\/users\/1"}],"replies":[{"embeddable":true,"href":"https:\/\/www.jibapps.com\/fr\/wp-json\/wp\/v2\/comments?post=4976"}],"version-history":[{"count":14,"href":"https:\/\/www.jibapps.com\/fr\/wp-json\/wp\/v2\/pages\/4976\/revisions"}],"predecessor-version":[{"id":4993,"href":"https:\/\/www.jibapps.com\/fr\/wp-json\/wp\/v2\/pages\/4976\/revisions\/4993"}],"up":[{"embeddable":true,"href":"https:\/\/www.jibapps.com\/fr\/wp-json\/wp\/v2\/pages\/4036"}],"wp:featuredmedia":[{"embeddable":true,"href":"https:\/\/www.jibapps.com\/fr\/wp-json\/wp\/v2\/media\/3367"}],"wp:attachment":[{"href":"https:\/\/www.jibapps.com\/fr\/wp-json\/wp\/v2\/media?parent=4976"}],"curies":[{"name":"wp","href":"https:\/\/api.w.org\/{rel}","templated":true}]}}