{"id":4707,"date":"2021-02-22T13:16:53","date_gmt":"2021-02-22T12:16:53","guid":{"rendered":"https:\/\/www.jibapps.com\/?page_id=4707"},"modified":"2021-02-25T14:03:39","modified_gmt":"2021-02-25T13:03:39","slug":"extension","status":"publish","type":"page","link":"https:\/\/www.jibapps.com\/fr\/apps\/trashme3\/extension\/","title":{"rendered":"Extension TrashMe 3"},"content":{"rendered":"<p>&nbsp;<\/p>\n<p><strong>Cette extension n&rsquo;est requise que pour la version App Store de TrashMe 3.<\/strong><\/p>\n<p>Du fait des r\u00e9gles d&rsquo;Apple pour les apps distribu\u00e9es sur le Mac App Store, TrashMe 3 poss\u00e8de certaines limitations : les fichiers qui requi\u00e8rent votre mot de passe doivent \u00eatre d\u00e9plac\u00e9s manuellement vers la Corbeille et la section Maintenance est masqu\u00e9e par d\u00e9faut.<\/p>\n<p>Avec cette extension, la section Maintenance sera r\u00e9tablie et vous serez en mesure de supprimer tous les fichiers lorsque vous d\u00e9sinstallez des apps ou nettoyez votre Mac.<\/p>\n<p><a class=\"ghost bigger\" href=\"https:\/\/www.jibapps.com\/file.php?id=trashme3&#038;url=TrashMe3Extension.dmg\">T\u00e9l\u00e9charger<\/a><br \/>\n&nbsp;<\/p>\n<div style=\"font-size: 0.85em\">\n<strong>Notes :<\/strong><br \/>\nL&rsquo;extension installera certains scripts dans le dossier ~\/Library\/Application Scripts\/ (les m\u00eames scripts que la version non-Mac App Store). Vous pouvez d\u00e9sinstaller ces scripts gr\u00e2ce au m\u00eame installeur t\u00e9l\u00e9charg\u00e9 ci-dessus.\n<\/div>\n<p>&nbsp;<br \/>\n&nbsp;<br \/>\n&nbsp;<br \/>\n&nbsp;<br \/>\n&nbsp;<br \/>\n&nbsp;<br \/>\n&nbsp;<br \/>\n&nbsp;<br \/>\n&nbsp;<br \/>\n&nbsp;<\/p>","protected":false},"excerpt":{"rendered":"<p>&nbsp; Cette extension n&rsquo;est requise que pour la version App Store de TrashMe 3. Du fait des r\u00e9gles d&rsquo;Apple pour les apps distribu\u00e9es sur le Mac App Store, TrashMe 3 poss\u00e8de certaines limitations : les fichiers qui requi\u00e8rent votre mot de passe doivent \u00eatre d\u00e9plac\u00e9s manuellement vers la Corbeille et la section Maintenance est masqu\u00e9e &hellip; <\/p>\n<p class=\"link-more\"><a href=\"https:\/\/www.jibapps.com\/fr\/apps\/trashme3\/extension\/\" class=\"more-link\">Continuer la lecture<span class=\"screen-reader-text\"> de &laquo;&nbsp;Extension TrashMe 3&nbsp;&raquo;<\/span><\/a><\/p>\n","protected":false},"author":1,"featured_media":3367,"parent":4036,"menu_order":0,"comment_status":"closed","ping_status":"closed","template":"page-full-width.php","meta":{"footnotes":""},"class_list":["post-4707","page","type-page","status-publish","has-post-thumbnail","hentry"],"_links":{"self":[{"href":"https:\/\/www.jibapps.com\/fr\/wp-json\/wp\/v2\/pages\/4707","targetHints":{"allow":["GET"]}}],"collection":[{"href":"https:\/\/www.jibapps.com\/fr\/wp-json\/wp\/v2\/pages"}],"about":[{"href":"https:\/\/www.jibapps.com\/fr\/wp-json\/wp\/v2\/types\/page"}],"author":[{"embeddable":true,"href":"https:\/\/www.jibapps.com\/fr\/wp-json\/wp\/v2\/users\/1"}],"replies":[{"embeddable":true,"href":"https:\/\/www.jibapps.com\/fr\/wp-json\/wp\/v2\/comments?post=4707"}],"version-history":[{"count":7,"href":"https:\/\/www.jibapps.com\/fr\/wp-json\/wp\/v2\/pages\/4707\/revisions"}],"predecessor-version":[{"id":4723,"href":"https:\/\/www.jibapps.com\/fr\/wp-json\/wp\/v2\/pages\/4707\/revisions\/4723"}],"up":[{"embeddable":true,"href":"https:\/\/www.jibapps.com\/fr\/wp-json\/wp\/v2\/pages\/4036"}],"wp:featuredmedia":[{"embeddable":true,"href":"https:\/\/www.jibapps.com\/fr\/wp-json\/wp\/v2\/media\/3367"}],"wp:attachment":[{"href":"https:\/\/www.jibapps.com\/fr\/wp-json\/wp\/v2\/media?parent=4707"}],"curies":[{"name":"wp","href":"https:\/\/api.w.org\/{rel}","templated":true}]}}