{"id":4257,"date":"2020-05-19T16:16:11","date_gmt":"2020-05-19T14:16:11","guid":{"rendered":"https:\/\/www.jibapps.com\/?page_id=4257"},"modified":"2026-01-15T10:28:47","modified_gmt":"2026-01-15T09:28:47","slug":"upgrade","status":"publish","type":"page","link":"https:\/\/www.jibapps.com\/fr\/apps\/trashme3\/upgrade\/","title":{"rendered":"TrashMe 3 Mise \u00e0 jour"},"content":{"rendered":"<p>&nbsp;<br \/>\n&nbsp;<br \/>\nTrashMe 3 est une version majeure de notre nettoyeur et d\u00e9sinstalleur. Cette nouvelle version 3 inclut bien plus de fonctionnalit\u00e9s comme la recherche des doublons, la mise \u00e0 jour des apps, la cartographie des fichiers, la surveillance du syst\u00e8me et une nouvelle interface. <a href=\"https:\/\/www.jibapps.com\/support\/trashme\/\">TrashMe 2<\/a> est toujours disponible \u00e0 la vente si cette version correspond \u00e0 vos besoins ou si vous poss\u00e9dez un Mac plus ancien.<\/p>\n<p>Si vous avez achet\u00e9 la version pr\u00e9c\u00e9dente de TrashMe sur notre webstore, vous pouvez acheter directement la mise \u00e0 jour sur notre <a href=\"https:\/\/www.jibapps.com\/fr\/store\/\">store<\/a>. Si vous avez achet\u00e9 sur le Mac App Store, vous pouvez passer \u00e0 une version non-App Store :<\/p>\n<h4>Acheter la mise \u00e0 jour sur notre webstore<\/h4>\n<p>Nous devons v\u00e9rifier que vous \u00eates en possession de la version 2 de TrashMe.<br \/>\nUtilisez le formulaire ci-dessous pour envoyer une <a href=\"#inline-proof\" data-lity>preuve d&rsquo;achat<\/a> et le <a href=\"#inline-receipt\" data-lity>fichier receipt<\/a> qui peut \u00eatre trouv\u00e9 ainsi : clic-droit sur l&rsquo;app TrashMe, choisissez \u00ab\u00a0Afficher le contenu du paquet\u00a0\u00bb puis naviguez jusqu&rsquo;\u00e0 \u00ab\u00a0Contents > _MASReceipt\u00a0\u00bb. Copiez ce fichier vers votre Bureau.<\/p>\n<p>Apr\u00e8s avoir v\u00e9rifi\u00e9 votre demande, nous vous enverrons un code promotionnel pour acheter la mise \u00e0 jour de TrashMe 3 sur notre webstore.<\/p>\n<p><br \/>\n&nbsp;<br \/>\n&nbsp;<\/p>\n<div id=\"inline-receipt\" style=\"overflow:auto;margin:0 auto; background:#FFF;padding:30px 30px 10px 30px;width:530px;max-width:100%;border-radius:4px\" class=\"lity-hide\">\n<h3>O\u00f9 trouver le fichier receipt<\/h3>\n<p>Cliquez-droit sur l&rsquo;app TrashMe 2<br \/>\nChoisissez \u00ab\u00a0Afficher le contenu du paquet\u00a0\u00bb<br \/>\nNaviguez vers \u00ab\u00a0Contents\u00a0\u00bb > \u00ab\u00a0_MASReceipt\u00a0\u00bb > \u00ab\u00a0receipt\u00a0\u00bb<br \/>\nCopiez ce fichier vers votre Bureau<\/p>\n<p><img loading=\"lazy\" decoding=\"async\" src=\"https:\/\/www.jibapps.com\/wp-content\/uploads\/2020\/05\/trashme-receipt-file.gif\" alt=\"\" width=\"480\" height=\"335\" class=\"alignnone size-full wp-image-4294\" \/>\n<\/div>\n<div id=\"inline-proof\" style=\"overflow:auto;margin:0 auto; background:#FFF;padding:30px 30px 10px 30px;width:600px;max-width:100%;border-radius:4px\" class=\"lity-hide\">\n<h3>Quelle preuve d&rsquo;achat est accept\u00e9e<\/h3>\n<ul class=\"fa-ul\">\n<li><i class=\"fa-li fa fa-angle-right\"><\/I>un email de re\u00e7u envoy\u00e9 par Apple apr\u00e8s votre achat de TrashMe 2<\/li>\n<li><i class=\"fa-li fa fa-angle-right\"><\/I>une capture d&rsquo;\u00e9cran du Mac App Store comme celle ci-apr\u00e8s<\/li>\n<\/ul>\n<p><img loading=\"lazy\" decoding=\"async\" src=\"https:\/\/www.jibapps.com\/wp-content\/uploads\/2020\/05\/trashme-mas-proof-screenshot.jpg\" srcset=\"https:\/\/www.jibapps.com\/wp-content\/uploads\/2020\/05\/trashme-mas-proof-screenshot@2x.jpg 2x\" alt=\"\" width=\"500\" height=\"316\" class=\"alignnone size-full wp-image-4286\" \/>\n<\/div>\n<p><\/p>","protected":false},"excerpt":{"rendered":"<p>&nbsp; &nbsp; TrashMe 3 est une version majeure de notre nettoyeur et d\u00e9sinstalleur. Cette nouvelle version 3 inclut bien plus de fonctionnalit\u00e9s comme la recherche des doublons, la mise \u00e0 jour des apps, la cartographie des fichiers, la surveillance du syst\u00e8me et une nouvelle interface. TrashMe 2 est toujours disponible \u00e0 la vente si cette &hellip; <\/p>\n<p class=\"link-more\"><a href=\"https:\/\/www.jibapps.com\/fr\/apps\/trashme3\/upgrade\/\" class=\"more-link\">Continuer la lecture<span class=\"screen-reader-text\"> de &laquo;&nbsp;TrashMe 3 Mise \u00e0 jour&nbsp;&raquo;<\/span><\/a><\/p>\n","protected":false},"author":1,"featured_media":3367,"parent":4036,"menu_order":0,"comment_status":"closed","ping_status":"closed","template":"page-full-width.php","meta":{"footnotes":""},"class_list":["post-4257","page","type-page","status-publish","has-post-thumbnail","hentry"],"_links":{"self":[{"href":"https:\/\/www.jibapps.com\/fr\/wp-json\/wp\/v2\/pages\/4257","targetHints":{"allow":["GET"]}}],"collection":[{"href":"https:\/\/www.jibapps.com\/fr\/wp-json\/wp\/v2\/pages"}],"about":[{"href":"https:\/\/www.jibapps.com\/fr\/wp-json\/wp\/v2\/types\/page"}],"author":[{"embeddable":true,"href":"https:\/\/www.jibapps.com\/fr\/wp-json\/wp\/v2\/users\/1"}],"replies":[{"embeddable":true,"href":"https:\/\/www.jibapps.com\/fr\/wp-json\/wp\/v2\/comments?post=4257"}],"version-history":[{"count":35,"href":"https:\/\/www.jibapps.com\/fr\/wp-json\/wp\/v2\/pages\/4257\/revisions"}],"predecessor-version":[{"id":5109,"href":"https:\/\/www.jibapps.com\/fr\/wp-json\/wp\/v2\/pages\/4257\/revisions\/5109"}],"up":[{"embeddable":true,"href":"https:\/\/www.jibapps.com\/fr\/wp-json\/wp\/v2\/pages\/4036"}],"wp:featuredmedia":[{"embeddable":true,"href":"https:\/\/www.jibapps.com\/fr\/wp-json\/wp\/v2\/media\/3367"}],"wp:attachment":[{"href":"https:\/\/www.jibapps.com\/fr\/wp-json\/wp\/v2\/media?parent=4257"}],"curies":[{"name":"wp","href":"https:\/\/api.w.org\/{rel}","templated":true}]}}