{"id":3759,"date":"2019-01-05T19:50:36","date_gmt":"2019-01-05T18:50:36","guid":{"rendered":"https:\/\/www.jibapps.com\/v2\/?page_id=3759"},"modified":"2020-10-23T09:50:20","modified_gmt":"2020-10-23T07:50:20","slug":"trashme","status":"publish","type":"page","link":"https:\/\/www.jibapps.com\/fr\/support\/trashme\/","title":{"rendered":"TrashMe"},"content":{"rendered":"<p>&nbsp;<br \/>\n&nbsp;<\/p>\n<div style=\"border: 1px solid #EBEBEB; background-color: #FAFAFA; border-radius: 4px; text-align: center; padding:60px; width: 55%; margin: 0 auto;\"><span style=\"font-weight: bold; color: #0077a9;\">CERTAINS FICHIERS NE PEUVENT PAS \u00caTRE SUPPRIM\u00c9S<\/span><br \/>\n&nbsp;<br \/>\nPour supprimer les fichiers et applications n\u00e9cessitant la saisie de votre mot de passe, veuillez t\u00e9l\u00e9charger notre extension gratuite :<br \/>\n<a href=\"https:\/\/www.jibapps.com\/file.php?id=trashme&amp;url=TrashMeAddon.dmg\">TrashMeAddon.dmg<\/a>\n<\/div>\n<p>&nbsp;<br \/>\n<center><br \/>\n<a class=\"ghost\" title=\"Lire la Foire Aux Aux Questions FAQ\" href=\"https:\/\/www.jibapps.com\/support\/?anchor=faq&#038;faq-trashme\">Foire Aux Questions<\/a><br \/>\n<\/center><br \/>\n&nbsp;<\/p>","protected":false},"excerpt":{"rendered":"<p>&nbsp; &nbsp; CERTAINS FICHIERS NE PEUVENT PAS \u00caTRE SUPPRIM\u00c9S &nbsp; Pour supprimer les fichiers et applications n\u00e9cessitant la saisie de votre mot de passe, veuillez t\u00e9l\u00e9charger notre extension gratuite : TrashMeAddon.dmg &nbsp; Foire Aux Questions &nbsp;<\/p>\n","protected":false},"author":1,"featured_media":2358,"parent":71,"menu_order":0,"comment_status":"closed","ping_status":"closed","template":"page-full-width.php","meta":{"footnotes":""},"class_list":["post-3759","page","type-page","status-publish","has-post-thumbnail","hentry"],"_links":{"self":[{"href":"https:\/\/www.jibapps.com\/fr\/wp-json\/wp\/v2\/pages\/3759","targetHints":{"allow":["GET"]}}],"collection":[{"href":"https:\/\/www.jibapps.com\/fr\/wp-json\/wp\/v2\/pages"}],"about":[{"href":"https:\/\/www.jibapps.com\/fr\/wp-json\/wp\/v2\/types\/page"}],"author":[{"embeddable":true,"href":"https:\/\/www.jibapps.com\/fr\/wp-json\/wp\/v2\/users\/1"}],"replies":[{"embeddable":true,"href":"https:\/\/www.jibapps.com\/fr\/wp-json\/wp\/v2\/comments?post=3759"}],"version-history":[{"count":14,"href":"https:\/\/www.jibapps.com\/fr\/wp-json\/wp\/v2\/pages\/3759\/revisions"}],"predecessor-version":[{"id":3860,"href":"https:\/\/www.jibapps.com\/fr\/wp-json\/wp\/v2\/pages\/3759\/revisions\/3860"}],"up":[{"embeddable":true,"href":"https:\/\/www.jibapps.com\/fr\/wp-json\/wp\/v2\/pages\/71"}],"wp:featuredmedia":[{"embeddable":true,"href":"https:\/\/www.jibapps.com\/fr\/wp-json\/wp\/v2\/media\/2358"}],"wp:attachment":[{"href":"https:\/\/www.jibapps.com\/fr\/wp-json\/wp\/v2\/media?parent=3759"}],"curies":[{"name":"wp","href":"https:\/\/api.w.org\/{rel}","templated":true}]}}