{"id":3410,"date":"2019-01-05T12:24:03","date_gmt":"2019-01-05T11:24:03","guid":{"rendered":"https:\/\/www.jibapps.com\/v2\/?page_id=3410"},"modified":"2019-01-09T10:09:35","modified_gmt":"2019-01-09T09:09:35","slug":"refund-policy","status":"publish","type":"page","link":"https:\/\/www.jibapps.com\/fr\/refund-policy\/","title":{"rendered":"Politique de remboursement"},"content":{"rendered":"<p>&nbsp;<\/p>\n<h2>Essayer avant d&rsquo;acheter<\/h2>\n<p>Les apps que nous d\u00e9veloppons sont enti\u00e8rement d\u00e9taill\u00e9es sur notre site web. Vous pouvez consulter la page produit pour chacune des apps, d\u00e9couvrir les fonctions en d\u00e9tail, apercevoir des captures d&rsquo;\u00e9cran ou des vid\u00e9os. Des versions D\u00e9mo peuvent \u00e9galement \u00eatre t\u00e9l\u00e9charg\u00e9es  pour vous assurer que l&rsquo;app fonctionne avec votre syst\u00e8me et qu&rsquo;elle correspond \u00e0 vos exigences. Nous vous encourageons fortement \u00e0 tester l&rsquo;app avant de l&rsquo;acheter.<\/p>\n<h2>Comment obtenir un remboursement<\/h2>\n<p>Cependant, si vous n&rsquo;\u00eates pas satisfait de votre achat, essayez tout d&rsquo;abord de <a href=\"https:\/\/www.jibapps.com\/contact\/\">nous contacter<\/a>. Nous tenterons de vous venir en aide et si aucune solution ne peut vous \u00eatre propos\u00e9e, vous pourrez \u00eatre \u00e9ligible \u00e0 un remboursement, qui d\u00e9pend de l&rsquo;endroit o\u00f9 vous avez achet\u00e9 l&rsquo;app :<br \/>\n&nbsp;<\/p>\n<div class=\"services-three-columns\">\n<div class=\"services-three-columns-div\">\n<div style=\"width: 100%; position: relative; top:0px;\">\n<div class=\"services-widget\" style=\"padding: 20px 20px 0 20px; margin-bottom: 15px;\">\n<div class=\"title\">\n<h3>Mac App Store<\/h3>\n<\/div>\n<div class=\"sep\"><\/div>\n<div class=\"subtitle\">Uniquement Apple peut d\u00e9cider d&rsquo;un remboursement, selon leur propre politique de remboursement<\/div>\n<p><a class=\"ghost\" href=\"https:\/\/support.apple.com\/fr-fr\/contact\">Contacter Apple<\/a>\n<\/div>\n<\/div>\n<\/div>\n<div class=\"services-three-columns-div\">\n<div style=\"width: 100%; position: relative; top:0px;\">\n<div class=\"services-widget\" style=\"padding: 20px 20px 0 20px; margin-bottom: 15px;\">\n<div class=\"title\">\n<h3>Notre webstore<\/h3>\n<\/div>\n<div class=\"sep\"><\/div>\n<div class=\"subtitle\">Si aucune solution ne peut \u00eatre trouv\u00e9e, vous \u00eates \u00e9ligible \u00e0 un remboursement dans les 30 jours apr\u00e8s l&rsquo;achat<\/div>\n<p><a class=\"ghost\" href=\"https:\/\/www.jibapps.com\/contact\/\">Nous contacter<\/a>\n<\/div>\n<\/div>\n<\/div>\n<\/div>\n<p>Au cas o\u00f9 vous obtiendriez un remboursement, vous devez cesser d&rsquo;utiliser l&rsquo;app et vous devez d\u00e9truire toutes les copies en votre possession. Nous d\u00e9sactiverons \u00e9galement les cl\u00e9s d&rsquo;activation qui vous avaient \u00e9t\u00e9 fournies (non applicable au Mac App Store).<\/p>\n<h2>Cas de non remboursement<\/h2>\n<p>Nous nous r\u00e9servons le droit de refuser un remboursement dans certains cas particuliers :<\/p>\n<ul class=\"fa-ul\">\n<li><i class=\"fa-li fa fa-angle-right\"><\/i> Demandes envoy\u00e9es plus de 30 jours apr\u00e8s l&rsquo;achat initial, \u00e0 l&rsquo;exception des cas de fraude<\/li>\n<li><i class=\"fa-li fa fa-angle-right\"><\/i> App qui requiert une version de macOS sup\u00e9rieure \u00e0 la votre<\/li>\n<li><i class=\"fa-li fa fa-angle-right\"><\/i> Diff\u00e9rence entre le montant pay\u00e9 et le prix de vente actuel, notamment pendant les p\u00e9riodes promotionnelles<\/li>\n<li><i class=\"fa-li fa fa-angle-right\"><\/i> Le montant d&rsquo;un code promo que vous auriez oubli\u00e9 d&rsquo;entrer<\/li>\n<\/ul>\n<p>&nbsp;<\/p>","protected":false},"excerpt":{"rendered":"<p>&nbsp; Essayer avant d&rsquo;acheter Les apps que nous d\u00e9veloppons sont enti\u00e8rement d\u00e9taill\u00e9es sur notre site web. Vous pouvez consulter la page produit pour chacune des apps, d\u00e9couvrir les fonctions en d\u00e9tail, apercevoir des captures d&rsquo;\u00e9cran ou des vid\u00e9os. Des versions D\u00e9mo peuvent \u00e9galement \u00eatre t\u00e9l\u00e9charg\u00e9es pour vous assurer que l&rsquo;app fonctionne avec votre syst\u00e8me et &hellip; <\/p>\n<p class=\"link-more\"><a href=\"https:\/\/www.jibapps.com\/fr\/refund-policy\/\" class=\"more-link\">Continuer la lecture<span class=\"screen-reader-text\"> de &laquo;&nbsp;Politique de remboursement&nbsp;&raquo;<\/span><\/a><\/p>\n","protected":false},"author":1,"featured_media":3367,"parent":0,"menu_order":0,"comment_status":"closed","ping_status":"closed","template":"page-full-width.php","meta":{"footnotes":""},"class_list":["post-3410","page","type-page","status-publish","has-post-thumbnail","hentry"],"_links":{"self":[{"href":"https:\/\/www.jibapps.com\/fr\/wp-json\/wp\/v2\/pages\/3410","targetHints":{"allow":["GET"]}}],"collection":[{"href":"https:\/\/www.jibapps.com\/fr\/wp-json\/wp\/v2\/pages"}],"about":[{"href":"https:\/\/www.jibapps.com\/fr\/wp-json\/wp\/v2\/types\/page"}],"author":[{"embeddable":true,"href":"https:\/\/www.jibapps.com\/fr\/wp-json\/wp\/v2\/users\/1"}],"replies":[{"embeddable":true,"href":"https:\/\/www.jibapps.com\/fr\/wp-json\/wp\/v2\/comments?post=3410"}],"version-history":[{"count":44,"href":"https:\/\/www.jibapps.com\/fr\/wp-json\/wp\/v2\/pages\/3410\/revisions"}],"predecessor-version":[{"id":3775,"href":"https:\/\/www.jibapps.com\/fr\/wp-json\/wp\/v2\/pages\/3410\/revisions\/3775"}],"wp:featuredmedia":[{"embeddable":true,"href":"https:\/\/www.jibapps.com\/fr\/wp-json\/wp\/v2\/media\/3367"}],"wp:attachment":[{"href":"https:\/\/www.jibapps.com\/fr\/wp-json\/wp\/v2\/media?parent=3410"}],"curies":[{"name":"wp","href":"https:\/\/api.w.org\/{rel}","templated":true}]}}