{"id":281,"date":"2019-01-05T13:59:29","date_gmt":"2019-01-05T12:59:29","guid":{"rendered":"https:\/\/www.jibapps.com\/v2\/?page_id=281"},"modified":"2025-09-23T09:56:28","modified_gmt":"2025-09-23T07:56:28","slug":"legal","status":"publish","type":"page","link":"https:\/\/www.jibapps.com\/fr\/legal\/","title":{"rendered":"Mentions l\u00e9gales"},"content":{"rendered":"<p><a name=\"page-top\">&nbsp;<\/a><\/p>\n<h2>Editeur<\/h2>\n<p>Jean-Baptiste ZEDDA<br \/>\n1 impasse du Ru<br \/>\n44850 SAINT MARS DU D\u00c9SERT<br \/>\nFrance<\/p>\n<p>Email : veuillez utiliser notre <a href=\"https:\/\/www.jibapps.com\/contact\/\">formulaire de contact<\/a><br \/>\nT\u00e9l\u00e9phone : +33 (0)6 76 76 99 44<\/p>\n<h2>Identification<\/h2>\n<p>SIRET : 532 840 360 00079<br \/>\nCode NAF : 5829C<\/p>\n<h2>H\u00e9bergement<\/h2>\n<p>o2switch SAS<br \/>\nChemin des Pardiaux<br \/>\n63000 Clermont-Ferrand<br \/>\nFrance<br \/>\n&nbsp;<br \/>\n&nbsp;<br \/>\n<span style=\"color: #BCBCBC; font-size:0.8em;\">Apple, le logo Apple, Mac, iMac, MacBook, MacBook Pro, MacBook Air, macOS, iPhone et iPad sont des marques commerciales de Apple Inc., enregistr\u00e9es aux U.S. et dans d&rsquo;autres payes et r\u00e9gions. App Store est une marque de service de Apple Inc. Les autres produits et noms d&rsquo;entreprise mentionn\u00e9s sur notre site peuvent \u00eatre des marques d\u00e9pos\u00e9es de leurs entreprises respectives.<\/span><br \/>\n&nbsp;<br \/>\n&nbsp;<\/p>","protected":false},"excerpt":{"rendered":"<p>&nbsp; Editeur Jean-Baptiste ZEDDA 1 impasse du Ru 44850 SAINT MARS DU D\u00c9SERT France Email : veuillez utiliser notre formulaire de contact T\u00e9l\u00e9phone : +33 (0)6 76 76 99 44 Identification SIRET : 532 840 360 00079 Code NAF : 5829C H\u00e9bergement o2switch SAS Chemin des Pardiaux 63000 Clermont-Ferrand France &nbsp; &nbsp; Apple, le logo &hellip; <\/p>\n<p class=\"link-more\"><a href=\"https:\/\/www.jibapps.com\/fr\/legal\/\" class=\"more-link\">Continuer la lecture<span class=\"screen-reader-text\"> de &laquo;&nbsp;Mentions l\u00e9gales&nbsp;&raquo;<\/span><\/a><\/p>\n","protected":false},"author":1,"featured_media":180,"parent":0,"menu_order":0,"comment_status":"closed","ping_status":"closed","template":"page-full-width.php","meta":{"footnotes":""},"class_list":["post-281","page","type-page","status-publish","has-post-thumbnail","hentry"],"_links":{"self":[{"href":"https:\/\/www.jibapps.com\/fr\/wp-json\/wp\/v2\/pages\/281","targetHints":{"allow":["GET"]}}],"collection":[{"href":"https:\/\/www.jibapps.com\/fr\/wp-json\/wp\/v2\/pages"}],"about":[{"href":"https:\/\/www.jibapps.com\/fr\/wp-json\/wp\/v2\/types\/page"}],"author":[{"embeddable":true,"href":"https:\/\/www.jibapps.com\/fr\/wp-json\/wp\/v2\/users\/1"}],"replies":[{"embeddable":true,"href":"https:\/\/www.jibapps.com\/fr\/wp-json\/wp\/v2\/comments?post=281"}],"version-history":[{"count":29,"href":"https:\/\/www.jibapps.com\/fr\/wp-json\/wp\/v2\/pages\/281\/revisions"}],"predecessor-version":[{"id":5086,"href":"https:\/\/www.jibapps.com\/fr\/wp-json\/wp\/v2\/pages\/281\/revisions\/5086"}],"wp:featuredmedia":[{"embeddable":true,"href":"https:\/\/www.jibapps.com\/fr\/wp-json\/wp\/v2\/media\/180"}],"wp:attachment":[{"href":"https:\/\/www.jibapps.com\/fr\/wp-json\/wp\/v2\/media?parent=281"}],"curies":[{"name":"wp","href":"https:\/\/api.w.org\/{rel}","templated":true}]}}